{"id":63,"date":"2021-08-27T09:29:01","date_gmt":"2021-08-27T09:29:01","guid":{"rendered":"http:\/\/scarquitectos.es\/?page_id=63"},"modified":"2022-02-02T17:11:46","modified_gmt":"2022-02-02T17:11:46","slug":"blog-2","status":"publish","type":"page","link":"https:\/\/scarquitectos.es\/?page_id=63","title":{"rendered":"OTROS TRABAJOS"},"content":{"rendered":"\n<p>Dentro de los trabajos desarrollados como un estudio especializado en proyectos de arquitectura y urbanismo, tambi\u00e9n realizamos otros trabajos como:<\/p>\n\n\n\n<p><strong><span class=\"has-inline-color has-luminous-vivid-amber-color\">INTERIORISMO<\/span><\/strong> <\/p>\n\n\n\n<p>Distribuir y organizar los espacios de manera \u00f3ptima, en un punto intermedio entre arquitectura y decoraci\u00f3n, dan lugar a ambientes \u00fanicos.<\/p>\n\n\n\n<p><strong><span class=\"has-inline-color has-luminous-vivid-amber-color\">REHABILITACIONES<\/span><\/strong> <\/p>\n\n\n\n<p>La rehabilitaci\u00f3n de un edificio significa dotarlo de una segunda vida, recuperando tanto su integridad estructural como la habitabilidad.<\/p>\n\n\n\n<p><strong><span class=\"has-inline-color has-luminous-vivid-amber-color\">INFORMES PERICIALES<\/span><\/strong><\/p>\n\n\n\n<p>Se trata de un documento t\u00e9cnico o dictamen sobre patolog\u00edas constructivas en un edificio o estructura. Su prop\u00f3sito es servir como prueba pericial o experta sobre el origen, naturaleza y alcance de la afectaci\u00f3n o defectos de construcci\u00f3n que se encuentren.<\/p>\n\n\n\n<p><strong><span class=\"has-inline-color has-luminous-vivid-amber-color\">CERTIFICADOS ENERG\u00c9TICOS<\/span><\/strong><\/p>\n\n\n\n<p>Es un documento que informa sobre la eficiencia energ\u00e9tica de un inmueble. Es la etiqueta que clasifica a nuestra casa en relaci\u00f3n de la energ\u00eda que consume. Desde el 1 de Junio de 2013, si eres el due\u00f1o de una vivienda u otro inmueble y deseas alquilarlo o venderlo, debes obtener un certificado y mostrarlo a las personas interesadas.<\/p>\n\n\n\n<p><strong><span class=\"has-inline-color has-luminous-vivid-amber-color\">INFOGRAFIAS 3D<\/span><\/strong> <\/p>\n\n\n\n<p>Im\u00e1genes digitales que nos permiten de forma previa representar visualmente un proyecto de forma tridimensional, con el objetivo de transmitir las principales caracter\u00edsticas tanto del interior como del exterior.<\/p>\n\n\n\n<p><strong><span class=\"has-inline-color has-luminous-vivid-amber-color\">OTROS TRABAJOS<\/span><\/strong><\/p>\n\n\n\n<p>Licencias de apertura de locales, memorias constructivas, tramitaci\u00f3n de licencias de actividad, presupuestos y valoraciones, mediciones, legalizaciones, certificados de coordenadas georreferenciadas de parcelas, etc.<\/p>\n\n\n\n<div class=\"wp-block-group\"><div class=\"wp-block-group__inner-container is-layout-flow wp-block-group-is-layout-flow\"><\/div><\/div>\n\n\n\n<p class=\"has-text-align-center\"><iframe loading=\"lazy\" width=\"1080\" height=\"720\" src=\"https:\/\/www.youtube.com\/embed\/e_LapHDXpgI\" title=\"YouTube video player\" frameborder=\"0\" allow=\"accelerometer; autoplay; clipboard-write; encrypted-media; gyroscope; picture-in-picture\" allowfullscreen=\"\"><\/iframe><\/p>\n","protected":false},"excerpt":{"rendered":"<p>Dentro de los trabajos desarrollados como un estudio especializado en proyectos de arquitectura y urbanismo, tambi\u00e9n realizamos otros trabajos como: INTERIORISMO Distribuir y organizar los espacios de manera \u00f3ptima, en un punto intermedio entre arquitectura y decoraci\u00f3n, dan lugar a ambientes \u00fanicos. REHABILITACIONES La rehabilitaci\u00f3n de un edificio significa dotarlo de una segunda vida, recuperando [&hellip;]<\/p>\n","protected":false},"author":1,"featured_media":0,"parent":0,"menu_order":0,"comment_status":"closed","ping_status":"closed","template":"","meta":{"footnotes":""},"class_list":["post-63","page","type-page","status-publish","hentry"],"_links":{"self":[{"href":"https:\/\/scarquitectos.es\/index.php?rest_route=\/wp\/v2\/pages\/63","targetHints":{"allow":["GET"]}}],"collection":[{"href":"https:\/\/scarquitectos.es\/index.php?rest_route=\/wp\/v2\/pages"}],"about":[{"href":"https:\/\/scarquitectos.es\/index.php?rest_route=\/wp\/v2\/types\/page"}],"author":[{"embeddable":true,"href":"https:\/\/scarquitectos.es\/index.php?rest_route=\/wp\/v2\/users\/1"}],"replies":[{"embeddable":true,"href":"https:\/\/scarquitectos.es\/index.php?rest_route=%2Fwp%2Fv2%2Fcomments&post=63"}],"version-history":[{"count":15,"href":"https:\/\/scarquitectos.es\/index.php?rest_route=\/wp\/v2\/pages\/63\/revisions"}],"predecessor-version":[{"id":548,"href":"https:\/\/scarquitectos.es\/index.php?rest_route=\/wp\/v2\/pages\/63\/revisions\/548"}],"wp:attachment":[{"href":"https:\/\/scarquitectos.es\/index.php?rest_route=%2Fwp%2Fv2%2Fmedia&parent=63"}],"curies":[{"name":"wp","href":"https:\/\/api.w.org\/{rel}","templated":true}]}}